{"id":3902,"date":"2021-01-07T13:30:00","date_gmt":"2021-01-07T12:30:00","guid":{"rendered":"https:\/\/www.tunisie-chirurgie-esthetique.com\/blog\/?page_id=3902"},"modified":"2025-07-10T08:08:13","modified_gmt":"2025-07-10T06:08:13","slug":"chirurgie-esthetique-devis-express","status":"publish","type":"page","link":"https:\/\/www.tunisie-chirurgie-esthetique.com\/blog\/chirurgie-esthetique-devis-express\/","title":{"rendered":"Devis Express!"},"content":{"rendered":"<style>\r\n@import url('https:\/\/fonts.googleapis.com\/css?family=Poppins:400,500,600,700&display=swap');\r\n.title-iframe {\r\n    text-align: center;\r\n    font-size: 31px;\r\n    font-weight: 600;\r\n    font-family: 'Poppins', sans-serif;\r\n    background: -webkit-linear-gradient(right, #3fb55b, #216bad, #3fb55b, #216bad);\r\n    -webkit-background-clip: text;\r\n    -webkit-text-fill-color: transparent;\r\n    padding: 20px 0px;\r\n}\r\n<\/style>\r\n<h2 class=\"title-iframe\">Obtenez votre Devis Gratuit<\/h2>\r\n <iframe loading=\"lazy\" src=\"https:\/\/app.metocrm.com\/web-forms\/aac28a96-7198-4851-a5e4-1891cd9d9f37\"  height=\"800px\" width=\"100%\"  frameborder=\"0\" style=\"border-radius: 10px;\"><\/iframe>\r\n\n","protected":false},"excerpt":{"rendered":"","protected":false},"author":1,"featured_media":0,"parent":0,"menu_order":0,"comment_status":"closed","ping_status":"closed","template":"","meta":{"rop_custom_images_group":[],"rop_custom_messages_group":[],"rop_publish_now":"initial","rop_publish_now_accounts":{"facebook_2803965346576775_1735562453331861":"","twitter_4255985368_4255985368":""},"rop_publish_now_history":[],"rop_publish_now_status":"pending","footnotes":""},"class_list":["post-3902","page","type-page","status-publish","hentry"],"yoast_head":"<!-- This site is optimized with the Yoast SEO plugin v27.4 - https:\/\/yoast.com\/product\/yoast-seo-wordpress\/ -->\n<title>Devis chirurgie esthetique rapide prix pas cher et tout compris<\/title>\n<meta name=\"description\" content=\"Devis chirurgie esthetique Tunisie rapide prix pas cher et tout compris\" \/>\n<meta name=\"robots\" content=\"index, follow, max-snippet:-1, max-image-preview:large, max-video-preview:-1\" \/>\n<link rel=\"canonical\" href=\"https:\/\/www.tunisie-chirurgie-esthetique.com\/blog\/chirurgie-esthetique-devis-express\/\" \/>\n<meta property=\"og:locale\" content=\"fr_FR\" \/>\n<meta property=\"og:type\" content=\"article\" \/>\n<meta property=\"og:title\" content=\"Devis chirurgie esthetique rapide prix pas cher et tout compris\" \/>\n<meta property=\"og:description\" content=\"Devis chirurgie esthetique Tunisie rapide prix pas cher et tout compris\" \/>\n<meta property=\"og:url\" content=\"https:\/\/www.tunisie-chirurgie-esthetique.com\/blog\/chirurgie-esthetique-devis-express\/\" \/>\n<meta property=\"og:site_name\" content=\"Actualit\u00e9s Chirurgie Esth\u00e9tique Tunisie\" \/>\n<meta property=\"article:publisher\" content=\"https:\/\/www.facebook.com\/TCETUNISIE\/\" \/>\n<meta property=\"article:modified_time\" content=\"2025-07-10T06:08:13+00:00\" \/>\n<meta property=\"og:image\" content=\"https:\/\/www.tunisie-chirurgie-esthetique.com\/blog\/wp-content\/uploads\/2021\/04\/apres-liposuccion.jpg\" \/>\n\t<meta property=\"og:image:width\" content=\"1000\" \/>\n\t<meta property=\"og:image:height\" content=\"600\" \/>\n\t<meta property=\"og:image:type\" content=\"image\/jpeg\" \/>\n<meta name=\"twitter:card\" content=\"summary_large_image\" \/>\n<meta name=\"twitter:site\" content=\"@Tunisie_CE\" \/>\n<!-- \/ Yoast SEO plugin. -->","yoast_head_json":{"title":"Devis chirurgie esthetique rapide prix pas cher et tout compris","description":"Devis chirurgie esthetique Tunisie rapide prix pas cher et tout compris","robots":{"index":"index","follow":"follow","max-snippet":"max-snippet:-1","max-image-preview":"max-image-preview:large","max-video-preview":"max-video-preview:-1"},"canonical":"https:\/\/www.tunisie-chirurgie-esthetique.com\/blog\/chirurgie-esthetique-devis-express\/","og_locale":"fr_FR","og_type":"article","og_title":"Devis chirurgie esthetique rapide prix pas cher et tout compris","og_description":"Devis chirurgie esthetique Tunisie rapide prix pas cher et tout compris","og_url":"https:\/\/www.tunisie-chirurgie-esthetique.com\/blog\/chirurgie-esthetique-devis-express\/","og_site_name":"Actualit\u00e9s Chirurgie Esth\u00e9tique Tunisie","article_publisher":"https:\/\/www.facebook.com\/TCETUNISIE\/","article_modified_time":"2025-07-10T06:08:13+00:00","og_image":[{"width":1000,"height":600,"url":"https:\/\/www.tunisie-chirurgie-esthetique.com\/blog\/wp-content\/uploads\/2021\/04\/apres-liposuccion.jpg","type":"image\/jpeg"}],"twitter_card":"summary_large_image","twitter_site":"@Tunisie_CE","schema":{"@context":"https:\/\/schema.org","@graph":[{"@type":"WebPage","@id":"https:\/\/www.tunisie-chirurgie-esthetique.com\/blog\/chirurgie-esthetique-devis-express\/","url":"https:\/\/www.tunisie-chirurgie-esthetique.com\/blog\/chirurgie-esthetique-devis-express\/","name":"Devis chirurgie esthetique rapide prix pas cher et tout compris","isPartOf":{"@id":"https:\/\/www.tunisie-chirurgie-esthetique.com\/blog\/#website"},"datePublished":"2021-01-07T12:30:00+00:00","dateModified":"2025-07-10T06:08:13+00:00","description":"Devis chirurgie esthetique Tunisie rapide prix pas cher et tout compris","breadcrumb":{"@id":"https:\/\/www.tunisie-chirurgie-esthetique.com\/blog\/chirurgie-esthetique-devis-express\/#breadcrumb"},"inLanguage":"fr-FR","potentialAction":[{"@type":"ReadAction","target":["https:\/\/www.tunisie-chirurgie-esthetique.com\/blog\/chirurgie-esthetique-devis-express\/"]}]},{"@type":"BreadcrumbList","@id":"https:\/\/www.tunisie-chirurgie-esthetique.com\/blog\/chirurgie-esthetique-devis-express\/#breadcrumb","itemListElement":[{"@type":"ListItem","position":1,"name":"Accueil","item":"https:\/\/www.tunisie-chirurgie-esthetique.com\/blog\/"},{"@type":"ListItem","position":2,"name":"Devis Express!"}]},{"@type":"WebSite","@id":"https:\/\/www.tunisie-chirurgie-esthetique.com\/blog\/#website","url":"https:\/\/www.tunisie-chirurgie-esthetique.com\/blog\/","name":"Actualit\u00e9s en chirurgie et m\u00e9decine esth\u00e9tique Tunisie","description":"Chirurgie en Tunisie","publisher":{"@id":"https:\/\/www.tunisie-chirurgie-esthetique.com\/blog\/#organization"},"alternateName":"Forfaits chirurgie esth\u00e9tique Tunisie prix tout compris","potentialAction":[{"@type":"SearchAction","target":{"@type":"EntryPoint","urlTemplate":"https:\/\/www.tunisie-chirurgie-esthetique.com\/blog\/?s={search_term_string}"},"query-input":{"@type":"PropertyValueSpecification","valueRequired":true,"valueName":"search_term_string"}}],"inLanguage":"fr-FR"},{"@type":"Organization","@id":"https:\/\/www.tunisie-chirurgie-esthetique.com\/blog\/#organization","name":"TCE TUNISIE","alternateName":"Chirurgie esth\u00e9tique en Tunisie","url":"https:\/\/www.tunisie-chirurgie-esthetique.com\/blog\/","logo":{"@type":"ImageObject","inLanguage":"fr-FR","@id":"https:\/\/www.tunisie-chirurgie-esthetique.com\/blog\/#\/schema\/logo\/image\/","url":"https:\/\/www.tunisie-chirurgie-esthetique.com\/blog\/wp-content\/uploads\/2022\/08\/fav-tce.png","contentUrl":"https:\/\/www.tunisie-chirurgie-esthetique.com\/blog\/wp-content\/uploads\/2022\/08\/fav-tce.png","width":512,"height":512,"caption":"TCE TUNISIE"},"image":{"@id":"https:\/\/www.tunisie-chirurgie-esthetique.com\/blog\/#\/schema\/logo\/image\/"},"sameAs":["https:\/\/www.facebook.com\/TCETUNISIE\/","https:\/\/x.com\/Tunisie_CE","https:\/\/www.instagram.com\/tunisiece\/","https:\/\/www.linkedin.com\/company\/tunisie-chirurgie-etshetique-tce\/","https:\/\/www.pinterest.fr\/tunisiechirurgi\/","https:\/\/www.youtube.com\/channel\/UCFZHPINDbYAa_yhOk121j7A\/?sub_confirmation=1"]}]}},"_links":{"self":[{"href":"https:\/\/www.tunisie-chirurgie-esthetique.com\/blog\/wp-json\/wp\/v2\/pages\/3902","targetHints":{"allow":["GET"]}}],"collection":[{"href":"https:\/\/www.tunisie-chirurgie-esthetique.com\/blog\/wp-json\/wp\/v2\/pages"}],"about":[{"href":"https:\/\/www.tunisie-chirurgie-esthetique.com\/blog\/wp-json\/wp\/v2\/types\/page"}],"author":[{"embeddable":true,"href":"https:\/\/www.tunisie-chirurgie-esthetique.com\/blog\/wp-json\/wp\/v2\/users\/1"}],"replies":[{"embeddable":true,"href":"https:\/\/www.tunisie-chirurgie-esthetique.com\/blog\/wp-json\/wp\/v2\/comments?post=3902"}],"version-history":[{"count":3,"href":"https:\/\/www.tunisie-chirurgie-esthetique.com\/blog\/wp-json\/wp\/v2\/pages\/3902\/revisions"}],"predecessor-version":[{"id":8209,"href":"https:\/\/www.tunisie-chirurgie-esthetique.com\/blog\/wp-json\/wp\/v2\/pages\/3902\/revisions\/8209"}],"wp:attachment":[{"href":"https:\/\/www.tunisie-chirurgie-esthetique.com\/blog\/wp-json\/wp\/v2\/media?parent=3902"}],"curies":[{"name":"wp","href":"https:\/\/api.w.org\/{rel}","templated":true}]}}